{"id":2282,"date":"2022-04-08T15:23:54","date_gmt":"2022-04-08T14:23:54","guid":{"rendered":"https:\/\/arekamaquinaria.com\/?page_id=2282"},"modified":"2022-04-08T15:23:54","modified_gmt":"2022-04-08T14:23:54","slug":"personalizar-cookies","status":"publish","type":"page","link":"https:\/\/arekamaquinaria.com\/?page_id=2282","title":{"rendered":"Personalizar Cookies"},"content":{"rendered":"\n\n<div>\n      <div id=\"custom-cookies-eu-label\">\n\n        Este sitio web utiliza cookies para que usted tenga la mejor experiencia de usuario. Si contin\u00faa navegando est\u00e1 dando su consentimiento para la aceptaci\u00f3n de las mencionadas cookies y la aceptaci\u00f3n de nuestra pol\u00edtica de cookies.\n          &nbsp;&nbsp;\n          <a target=\"_blank\" id=\"cookies-eu-more\" rel=\"nofollow\" href=\"https:\/\/arekamaquinaria.com\/?page_id=2171\">Configurar y m\u00e1s informaci\u00f3n<\/a>\n      <\/div>\n\n      <div id=\"custom-cookies-eu-buttons\" class=\"cookies-eu-buttons\">\n        <button id=\"custom-cookies-eu-reject\" class=\"cookies-eu-reject\">Rechazar<\/button>\n        <button id=\"custom-cookies-eu-accept\" class=\"cookies-eu-accept\">ACEPTAR TODAS LAS COOKIES<\/button><\/div>\n      <\/div>\n\n<br\/>\n<p>\n\tPuedes cambiar tus preferencias de cookies en cualquier momento si vuelves a la p\u00e1gina de Personalizar cookies, a la que puedes acceder a trav\u00e9s del Aviso de cookies. Para obtener m\u00e1s informaci\u00f3n sobre las cookies y c\u00f3mo las usamos, consulta la p\u00e1gina de <a href=\"https:\/\/arekamaquinaria.com\/?page_id=2171\">Pol\u00edtica de Cookies<\/a>.\n<\/p>\n\n<h3>Cookies t\u00e9cnicas<\/h3>\n<p>\n\tSon aquellas que permiten a los usuarios registrados navegar a trav\u00e9s del sitio Web, del \u00e1rea restringida y a utilizar sus diferentes funciones, como por ejemplo, el sistema de comentarios o el buscador y no pueden ser desactivadas.\n<\/p>\n\n\n","protected":false},"excerpt":{"rendered":"<p>Este sitio web utiliza cookies para que usted tenga la mejor experiencia de usuario. Si contin\u00faa navegando est\u00e1 dando su consentimiento para la aceptaci\u00f3n de las mencionadas cookies y la aceptaci\u00f3n de nuestra pol\u00edtica de cookies. &nbsp;&nbsp; Configurar y m\u00e1s informaci\u00f3n Rechazar ACEPTAR TODAS LAS COOKIES Puedes cambiar tus preferencias de cookies en cualquier momento [&hellip;]<\/p>\n","protected":false},"author":1,"featured_media":0,"parent":0,"menu_order":0,"comment_status":"closed","ping_status":"closed","template":"","meta":[],"_links":{"self":[{"href":"https:\/\/arekamaquinaria.com\/index.php?rest_route=\/wp\/v2\/pages\/2282"}],"collection":[{"href":"https:\/\/arekamaquinaria.com\/index.php?rest_route=\/wp\/v2\/pages"}],"about":[{"href":"https:\/\/arekamaquinaria.com\/index.php?rest_route=\/wp\/v2\/types\/page"}],"author":[{"embeddable":true,"href":"https:\/\/arekamaquinaria.com\/index.php?rest_route=\/wp\/v2\/users\/1"}],"replies":[{"embeddable":true,"href":"https:\/\/arekamaquinaria.com\/index.php?rest_route=%2Fwp%2Fv2%2Fcomments&post=2282"}],"version-history":[{"count":0,"href":"https:\/\/arekamaquinaria.com\/index.php?rest_route=\/wp\/v2\/pages\/2282\/revisions"}],"wp:attachment":[{"href":"https:\/\/arekamaquinaria.com\/index.php?rest_route=%2Fwp%2Fv2%2Fmedia&parent=2282"}],"curies":[{"name":"wp","href":"https:\/\/api.w.org\/{rel}","templated":true}]}}